{"id":282,"date":"2025-04-16T11:40:25","date_gmt":"2025-04-16T11:40:25","guid":{"rendered":"https:\/\/ben.preprod.4runners.fr\/?page_id=282"},"modified":"2026-04-05T17:03:11","modified_gmt":"2026-04-05T17:03:11","slug":"accueil","status":"publish","type":"page","link":"https:\/\/ben.preprod.4runners.fr\/","title":{"rendered":"ACCUEIL"},"content":{"rendered":"<div class=\"wp-block-buttons is-layout-flex wp-block-buttons-is-layout-flex\"><div class=\"wp-block-button\"><a class=\"wp-block-button__link\">D\u00c9COUVRIR LA PLATEFORME<\/a><\/div><\/div>\n\n<h2 class=\"wp-block-heading\">Pourquoi s&rsquo;abonner \u00e0 la plateforme ?<\/h2>\n\n<!-- wp:Array \/-->\n\n<div class=\"wp-block-buttons is-layout-flex wp-block-buttons-is-layout-flex\"><div class=\"wp-block-button\"><a class=\"wp-block-button__link\">VOIR NOS ABONNEMENTS<\/a><\/div><\/div>\n\n<figure class=\"wp-block-embed-youtube wp-block-embed is-type-video is-provider-youtube\"><div class=\"wp-block-embed__wrapper\">https:\/\/www.youtube.com\/watch?v=8k3B3gljUEo<\/div><\/figure>\n\n<h1 class=\"has-text-align-center wp-block-heading\">UNE PLATEFORME DE  vid\u00e9os pour diagnostiqueurs immobiliers<\/h1>\n\nDISPONIBLE 24H\/24\n\nDIAG ON LINE accompagne les diagnostiqueurs, d\u00e9butants comme exp\u00e9riment\u00e9s, avec des explications claires, des m\u00e9thodes de travail \u00e9prouv\u00e9es et des contenus issus de situations r\u00e9elles.\n\n<p><b>l&rsquo;int\u00e9r\u00eat de la plateforme<\/b><\/p>\n\n<p><strong>Comprenez en 2 minutes<\/strong><\/p>\n<p>\u00a0<\/p>\n\n<div class=\"wp-block-buttons is-layout-flex wp-block-buttons-is-layout-flex\"><div class=\"wp-block-button\"><a class=\"wp-block-button__link\">CONTACTEZ DIAG ON LINE<\/a><\/div><\/div>\n\n<div class=\"wp-block-buttons is-layout-flex wp-block-buttons-is-layout-flex\"><div class=\"wp-block-button\"><a class=\"wp-block-button__link\">D\u00c9COUVRIR L&rsquo;HISTOIRE DE DIAG ON LINE<\/a><\/div><\/div>","protected":false},"excerpt":{"rendered":"<p>Pourquoi s&rsquo;abonner \u00e0 la plateforme ? UNE PLATEFORME DE vid\u00e9os pour diagnostiqueurs immobiliers DISPONIBLE 24H\/24 DIAG ON LINE accompagne les diagnostiqueurs, d\u00e9butants comme exp\u00e9riment\u00e9s, avec des explications claires, des m\u00e9thodes de travail \u00e9prouv\u00e9es et des contenus issus de situations r\u00e9elles. l&rsquo;int\u00e9r\u00eat de la plateforme Comprenez en 2 minutes \u00a0<\/p>\n","protected":false},"author":2,"featured_media":0,"parent":0,"menu_order":0,"comment_status":"closed","ping_status":"closed","template":"","meta":{"footnotes":""},"class_list":["post-282","page","type-page","status-publish","hentry"],"_links":{"self":[{"href":"https:\/\/ben.preprod.4runners.fr\/index.php?rest_route=\/wp\/v2\/pages\/282","targetHints":{"allow":["GET"]}}],"collection":[{"href":"https:\/\/ben.preprod.4runners.fr\/index.php?rest_route=\/wp\/v2\/pages"}],"about":[{"href":"https:\/\/ben.preprod.4runners.fr\/index.php?rest_route=\/wp\/v2\/types\/page"}],"author":[{"embeddable":true,"href":"https:\/\/ben.preprod.4runners.fr\/index.php?rest_route=\/wp\/v2\/users\/2"}],"replies":[{"embeddable":true,"href":"https:\/\/ben.preprod.4runners.fr\/index.php?rest_route=%2Fwp%2Fv2%2Fcomments&post=282"}],"version-history":[{"count":100,"href":"https:\/\/ben.preprod.4runners.fr\/index.php?rest_route=\/wp\/v2\/pages\/282\/revisions"}],"predecessor-version":[{"id":1109,"href":"https:\/\/ben.preprod.4runners.fr\/index.php?rest_route=\/wp\/v2\/pages\/282\/revisions\/1109"}],"wp:attachment":[{"href":"https:\/\/ben.preprod.4runners.fr\/index.php?rest_route=%2Fwp%2Fv2%2Fmedia&parent=282"}],"curies":[{"name":"wp","href":"https:\/\/api.w.org\/{rel}","templated":true}]}}