{"id":38,"date":"2025-03-18T15:52:14","date_gmt":"2025-03-18T15:52:14","guid":{"rendered":"https:\/\/ben.preprod.4runners.fr\/?page_id=38"},"modified":"2026-03-30T17:24:48","modified_gmt":"2026-03-30T17:24:48","slug":"qui-sommes-nous","status":"publish","type":"page","link":"https:\/\/ben.preprod.4runners.fr\/?page_id=38","title":{"rendered":"QUI SOMMES-NOUS ?"},"content":{"rendered":"<h1 class=\"has-text-align-center wp-block-heading\">L\u2019exp\u00e9rience d\u2019un diagnostiqueur immobilier confirm\u00e9<\/h1>\n\ndepuis plus de 15 ans\n\n<h2 class=\"wp-block-heading\">Transmettre l&rsquo;exp\u00e9rience, conseiller avec pr\u00e9cision.<\/h2>\n\n<p>Fort d\u2019un parcours professionnel marqu\u00e9 par <strong>la technique et la gestion de projets complexes,<\/strong> j\u2019ai d\u00e9di\u00e9 une grande partie de ma carri\u00e8re \u00e0 <strong>l\u2019accompagnement des propri\u00e9taires et des professionnels de l\u2019immobilier.<\/strong><\/p>\n\n<h2 class=\"wp-block-heading\">Un expert de terrain reconnu.<\/h2>\n\n<p>Apr\u00e8s une solide formation en \u00e9lectrotechnique et des exp\u00e9riences structurantes en tant que responsable de production et logistique, j\u2019ai fond\u00e9 <strong>BT Diagnostics<\/strong> en 2009. <strong>Pendant 15 ans, j\u2019ai exerc\u00e9 avec rigueur les m\u00e9tiers de diagnostiqueur, d&rsquo;auditeur \u00e9nerg\u00e9tique et d&rsquo;expert en rep\u00e9rage amiante\/plomb avant travaux.<\/strong><\/p>\n\n<figure class=\"wp-block-image size-full\"><img loading=\"lazy\" decoding=\"async\" width=\"800\" height=\"800\" src=\"https:\/\/ben.preprod.4runners.fr\/wp-content\/uploads\/2026\/03\/profil.jpeg\" class=\"wp-image-987\" srcset=\"https:\/\/ben.preprod.4runners.fr\/wp-content\/uploads\/2026\/03\/profil.jpeg 800w, https:\/\/ben.preprod.4runners.fr\/wp-content\/uploads\/2026\/03\/profil-300x300.jpeg 300w, https:\/\/ben.preprod.4runners.fr\/wp-content\/uploads\/2026\/03\/profil-150x150.jpeg 150w, https:\/\/ben.preprod.4runners.fr\/wp-content\/uploads\/2026\/03\/profil-768x768.jpeg 768w\" sizes=\"auto, (max-width: 800px) 100vw, 800px\" \/><\/figure>\n\n<h3 class=\"wp-block-heading\">Un nouveau chapitre d\u00e9marre, d\u00e9couvrez mon histoire<\/h3>\n\n<p>L&rsquo;ann\u00e9e 2024 a marqu\u00e9 un tournant personnel majeur : suite \u00e0 une rupture d\u2019an\u00e9vrisme (AVC h\u00e9morragique), mon quotidien a \u00e9t\u00e9 bouscul\u00e9. <br \/>Si la r\u00e9alisation physique des diagnostics sur le terrain est aujourd&rsquo;hui devenue trop complexe pour moi, ma passion pour ce m\u00e9tier et mon expertise technique restent intactes.<\/p>\n<p>Aujourd&rsquo;hui, je souhaite mettre ce bagage solide \u00e0 votre service sous une forme diff\u00e9rente. Mon r\u00f4le a \u00e9volu\u00e9 vers le <strong>conseil, l&rsquo;analyse et l&rsquo;accompagnement strat\u00e9gique<\/strong>.<\/p>\n\n<h2 class=\"has-text-align-center wp-block-heading\">POURQUOI FAIRE APPEL \u00c0 MOI AUJOURD&rsquo;HUI ?<\/h2>\n\n<figure class=\"wp-block-embed-youtube wp-block-embed is-type-video is-provider-youtube\"><div class=\"wp-block-embed__wrapper\">https:\/\/www.youtube.com\/watch?v=COA94Z4dU4E<\/div><\/figure>","protected":false},"excerpt":{"rendered":"<p>L\u2019exp\u00e9rience d\u2019un diagnostiqueur immobilier confirm\u00e9 depuis plus de 15 ans Transmettre l&rsquo;exp\u00e9rience, conseiller avec pr\u00e9cision. Fort d\u2019un parcours professionnel marqu\u00e9 par la technique et la gestion de projets complexes, j\u2019ai d\u00e9di\u00e9 une grande partie de ma carri\u00e8re \u00e0 l\u2019accompagnement des propri\u00e9taires et des professionnels de l\u2019immobilier. Un expert de terrain reconnu. Apr\u00e8s une solide formation [&hellip;]<\/p>\n","protected":false},"author":2,"featured_media":0,"parent":0,"menu_order":0,"comment_status":"closed","ping_status":"closed","template":"","meta":{"footnotes":""},"class_list":["post-38","page","type-page","status-publish","hentry"],"_links":{"self":[{"href":"https:\/\/ben.preprod.4runners.fr\/index.php?rest_route=\/wp\/v2\/pages\/38","targetHints":{"allow":["GET"]}}],"collection":[{"href":"https:\/\/ben.preprod.4runners.fr\/index.php?rest_route=\/wp\/v2\/pages"}],"about":[{"href":"https:\/\/ben.preprod.4runners.fr\/index.php?rest_route=\/wp\/v2\/types\/page"}],"author":[{"embeddable":true,"href":"https:\/\/ben.preprod.4runners.fr\/index.php?rest_route=\/wp\/v2\/users\/2"}],"replies":[{"embeddable":true,"href":"https:\/\/ben.preprod.4runners.fr\/index.php?rest_route=%2Fwp%2Fv2%2Fcomments&post=38"}],"version-history":[{"count":31,"href":"https:\/\/ben.preprod.4runners.fr\/index.php?rest_route=\/wp\/v2\/pages\/38\/revisions"}],"predecessor-version":[{"id":1026,"href":"https:\/\/ben.preprod.4runners.fr\/index.php?rest_route=\/wp\/v2\/pages\/38\/revisions\/1026"}],"wp:attachment":[{"href":"https:\/\/ben.preprod.4runners.fr\/index.php?rest_route=%2Fwp%2Fv2%2Fmedia&parent=38"}],"curies":[{"name":"wp","href":"https:\/\/api.w.org\/{rel}","templated":true}]}}