{"id":42,"date":"2025-03-18T15:52:22","date_gmt":"2025-03-18T15:52:22","guid":{"rendered":"https:\/\/ben.preprod.4runners.fr\/?page_id=42"},"modified":"2026-04-02T17:40:36","modified_gmt":"2026-04-02T17:40:36","slug":"contact","status":"publish","type":"page","link":"https:\/\/ben.preprod.4runners.fr\/?page_id=42","title":{"rendered":"CONTACT"},"content":{"rendered":"<h1 class=\"wp-block-heading\">ON EN DISCUTE ?<\/h1>\n\nRien ne remplace un vrai \u00e9change pour avancer plus vite.<br> Laissez-nous un message et nous prendrons contact avec vous d\u00e8s que possible :","protected":false},"excerpt":{"rendered":"<p>ON EN DISCUTE ? Rien ne remplace un vrai \u00e9change pour avancer plus vite. Laissez-nous un message et nous prendrons contact avec vous d\u00e8s que possible :<\/p>\n","protected":false},"author":2,"featured_media":0,"parent":0,"menu_order":0,"comment_status":"closed","ping_status":"closed","template":"","meta":{"footnotes":""},"class_list":["post-42","page","type-page","status-publish","hentry"],"_links":{"self":[{"href":"https:\/\/ben.preprod.4runners.fr\/index.php?rest_route=\/wp\/v2\/pages\/42","targetHints":{"allow":["GET"]}}],"collection":[{"href":"https:\/\/ben.preprod.4runners.fr\/index.php?rest_route=\/wp\/v2\/pages"}],"about":[{"href":"https:\/\/ben.preprod.4runners.fr\/index.php?rest_route=\/wp\/v2\/types\/page"}],"author":[{"embeddable":true,"href":"https:\/\/ben.preprod.4runners.fr\/index.php?rest_route=\/wp\/v2\/users\/2"}],"replies":[{"embeddable":true,"href":"https:\/\/ben.preprod.4runners.fr\/index.php?rest_route=%2Fwp%2Fv2%2Fcomments&post=42"}],"version-history":[{"count":36,"href":"https:\/\/ben.preprod.4runners.fr\/index.php?rest_route=\/wp\/v2\/pages\/42\/revisions"}],"predecessor-version":[{"id":1079,"href":"https:\/\/ben.preprod.4runners.fr\/index.php?rest_route=\/wp\/v2\/pages\/42\/revisions\/1079"}],"wp:attachment":[{"href":"https:\/\/ben.preprod.4runners.fr\/index.php?rest_route=%2Fwp%2Fv2%2Fmedia&parent=42"}],"curies":[{"name":"wp","href":"https:\/\/api.w.org\/{rel}","templated":true}]}}