{"id":9,"date":"2025-03-18T15:52:38","date_gmt":"2025-03-18T15:52:38","guid":{"rendered":"https:\/\/ben.preprod.4runners.fr\/?page_id=9"},"modified":"2026-04-09T18:01:45","modified_gmt":"2026-04-09T18:01:45","slug":"espace-abonne","status":"publish","type":"page","link":"https:\/\/ben.preprod.4runners.fr\/?page_id=9","title":{"rendered":"ESPACE ABONN\u00c9"},"content":{"rendered":"<!-- wp:Array \/-->\n\n<h1 class=\"wp-block-heading\">SUPPORTS VID\u00c9OS  DPE<\/h1>\n\n<h2 class=\"wp-block-heading\">Choisissez votre th\u00e9matique .<\/h2>\n\n<div class=\"wp-block-buttons is-layout-flex wp-block-buttons-is-layout-flex\"><div class=\"wp-block-button\"><a class=\"wp-block-button__link\">PR\u00c9PARATION DOSSIER<\/a><\/div><\/div>\n\n<div class=\"wp-block-buttons is-layout-flex wp-block-buttons-is-layout-flex\"><div class=\"wp-block-button\"><a class=\"wp-block-button__link\">BAIES<\/a><\/div><\/div>\n\n<div class=\"wp-block-buttons is-layout-flex wp-block-buttons-is-layout-flex\"><div class=\"wp-block-button\"><a class=\"wp-block-button__link\">Plafonds &#038; planchers Hauts<\/a><\/div><\/div>\n\n<div class=\"wp-block-buttons is-layout-flex wp-block-buttons-is-layout-flex\"><div class=\"wp-block-button\"><a class=\"wp-block-button__link\">CLOISONS D\u00c9PERDITIVES<\/a><\/div><\/div>\n\n<div class=\"wp-block-buttons is-layout-flex wp-block-buttons-is-layout-flex\"><div class=\"wp-block-button\"><a class=\"wp-block-button__link\">SOLS ET PLANCHERS BAS<\/a><\/div><\/div>\n\n<figure class=\"wp-block-embed-youtube wp-block-embed is-type-video is-provider-youtube\"><div class=\"wp-block-embed__wrapper\">https:\/\/www.youtube.com\/watch?v=5DGo0AYOJ7s<\/div><\/figure>\n\n<h3 class=\"has-text-align-center wp-block-heading\">DONN\u00c9ES D&rsquo;ENTR\u00c9ES<\/h3>\n\n<h3 class=\"has-text-align-center wp-block-heading\">CAISSON DE VOLETS ROULANTS<\/h3>\n\n<h3 class=\"has-text-align-center wp-block-heading\">ORIENTATION DES FEN\u00caTRES<\/h3>\n\n<h3 class=\"has-text-align-center wp-block-heading\">AUTRES<\/h3>\n\n<h3 class=\"has-text-align-center wp-block-heading\">AUTRES<\/h3>\n\n<h3 class=\"has-text-align-center wp-block-heading\">AUTRES<\/h3>\n\n<h3 class=\"has-text-align-center wp-block-heading\">MASQUES<\/h3>\n\n<h3 class=\"has-text-align-center wp-block-heading\">EXPLICATION CEKAL<\/h3>\n\n<h3 class=\"has-text-align-center wp-block-heading\">AUTRES<\/h3>\n\n<h3 class=\"wp-block-heading\">BAIES<\/h3>\n\n<figure class=\"wp-block-embed-youtube wp-block-embed is-type-video is-provider-youtube\"><div class=\"wp-block-embed__wrapper\">https:\/\/www.youtube.com\/watch?v=5DGo0AYOJ7s<\/div><\/figure>\n\n<figure class=\"wp-block-embed-youtube wp-block-embed is-type-video is-provider-youtube\"><div class=\"wp-block-embed__wrapper\">https:\/\/www.youtube.com\/watch?v=5DGo0AYOJ7s<\/div><\/figure>\n\n<figure class=\"wp-block-embed-youtube wp-block-embed is-type-video is-provider-youtube\"><div class=\"wp-block-embed__wrapper\">https:\/\/www.youtube.com\/watch?v=5DGo0AYOJ7s<\/div><\/figure>\n\n<figure class=\"wp-block-embed-youtube wp-block-embed is-type-video is-provider-youtube\"><div class=\"wp-block-embed__wrapper\">https:\/\/www.youtube.com\/watch?v=5DGo0AYOJ7s<\/div><\/figure>\n\n<figure class=\"wp-block-embed-youtube wp-block-embed is-type-video is-provider-youtube\"><div class=\"wp-block-embed__wrapper\">https:\/\/www.youtube.com\/watch?v=5DGo0AYOJ7s<\/div><\/figure>\n\n<figure class=\"wp-block-embed-youtube wp-block-embed is-type-video is-provider-youtube\"><div class=\"wp-block-embed__wrapper\">https:\/\/www.youtube.com\/watch?v=5DGo0AYOJ7s<\/div><\/figure>\n\n<figure class=\"wp-block-embed-youtube wp-block-embed is-type-video is-provider-youtube\"><div class=\"wp-block-embed__wrapper\">https:\/\/www.youtube.com\/watch?v=5DGo0AYOJ7s<\/div><\/figure>\n\n<figure class=\"wp-block-embed-youtube wp-block-embed is-type-video is-provider-youtube\"><div class=\"wp-block-embed__wrapper\">https:\/\/www.youtube.com\/watch?v=5DGo0AYOJ7s<\/div><\/figure>\n\n<div class=\"wp-block-buttons is-layout-flex wp-block-buttons-is-layout-flex\"><div class=\"wp-block-button\"><a class=\"wp-block-button__link\">portes<\/a><\/div><\/div>\n\n<div class=\"wp-block-buttons is-layout-flex wp-block-buttons-is-layout-flex\"><div class=\"wp-block-button\"><a class=\"wp-block-button__link\">ponts thermiques<\/a><\/div><\/div>\n\n<div class=\"wp-block-buttons is-layout-flex wp-block-buttons-is-layout-flex\"><div class=\"wp-block-button\"><a class=\"wp-block-button__link\">chauffages<\/a><\/div><\/div>\n\n<div class=\"wp-block-buttons is-layout-flex wp-block-buttons-is-layout-flex\"><div class=\"wp-block-button\"><a class=\"wp-block-button__link\">ventilation<\/a><\/div><\/div>\n\n<div class=\"wp-block-buttons is-layout-flex wp-block-buttons-is-layout-flex\"><div class=\"wp-block-button\"><a class=\"wp-block-button__link\">PRODUCTION<\/a><\/div><\/div>\n\n<div class=\"wp-block-buttons is-layout-flex wp-block-buttons-is-layout-flex\"><div class=\"wp-block-button\"><a class=\"wp-block-button__link\">ESC<\/a><\/div><\/div>\n\n<div class=\"wp-block-buttons is-layout-flex wp-block-buttons-is-layout-flex\"><div class=\"wp-block-button\"><a class=\"wp-block-button__link\">JUSTIFICATIFS DE DONN\u00c9ES<\/a><\/div><\/div>\n\n<div class=\"wp-block-buttons is-layout-flex wp-block-buttons-is-layout-flex\"><div class=\"wp-block-button\"><a class=\"wp-block-button__link\">RECOMMANDATIONS<\/a><\/div><\/div>\n\n<div class=\"wp-block-buttons is-layout-flex wp-block-buttons-is-layout-flex\"><div class=\"wp-block-button\"><a class=\"wp-block-button__link\">CLIMATISATION<\/a><\/div><\/div>\n\n<div class=\"wp-block-buttons is-layout-flex wp-block-buttons-is-layout-flex\"><div class=\"wp-block-button\"><a class=\"wp-block-button__link\">ADEME<\/a><\/div><\/div>","protected":false},"excerpt":{"rendered":"<p>SUPPORTS VID\u00c9OS DPE Choisissez votre th\u00e9matique . DONN\u00c9ES D&rsquo;ENTR\u00c9ES CAISSON DE VOLETS ROULANTS ORIENTATION DES FEN\u00caTRES AUTRES AUTRES AUTRES MASQUES EXPLICATION CEKAL AUTRES BAIES<\/p>\n","protected":false},"author":2,"featured_media":0,"parent":0,"menu_order":0,"comment_status":"closed","ping_status":"closed","template":"","meta":{"footnotes":""},"class_list":["post-9","page","type-page","status-publish","hentry"],"_links":{"self":[{"href":"https:\/\/ben.preprod.4runners.fr\/index.php?rest_route=\/wp\/v2\/pages\/9","targetHints":{"allow":["GET"]}}],"collection":[{"href":"https:\/\/ben.preprod.4runners.fr\/index.php?rest_route=\/wp\/v2\/pages"}],"about":[{"href":"https:\/\/ben.preprod.4runners.fr\/index.php?rest_route=\/wp\/v2\/types\/page"}],"author":[{"embeddable":true,"href":"https:\/\/ben.preprod.4runners.fr\/index.php?rest_route=\/wp\/v2\/users\/2"}],"replies":[{"embeddable":true,"href":"https:\/\/ben.preprod.4runners.fr\/index.php?rest_route=%2Fwp%2Fv2%2Fcomments&post=9"}],"version-history":[{"count":100,"href":"https:\/\/ben.preprod.4runners.fr\/index.php?rest_route=\/wp\/v2\/pages\/9\/revisions"}],"predecessor-version":[{"id":1132,"href":"https:\/\/ben.preprod.4runners.fr\/index.php?rest_route=\/wp\/v2\/pages\/9\/revisions\/1132"}],"wp:attachment":[{"href":"https:\/\/ben.preprod.4runners.fr\/index.php?rest_route=%2Fwp%2Fv2%2Fmedia&parent=9"}],"curies":[{"name":"wp","href":"https:\/\/api.w.org\/{rel}","templated":true}]}}